{"id":555,"date":"2015-06-30T20:11:12","date_gmt":"2015-06-30T20:11:12","guid":{"rendered":"http:\/\/rafaelfernandes.adv.br\/?page_id=555"},"modified":"2019-09-20T08:13:32","modified_gmt":"2019-09-20T11:13:32","slug":"direito-criminal","status":"publish","type":"page","link":"http:\/\/rafaelfernandes.adv.br\/index.php\/direito-criminal\/","title":{"rendered":"Direito Criminal"},"content":{"rendered":"<p><div class=\"fusion-bg-parallax\"  data-bg-align=\"left top\" data-direction=\"up\" data-mute=\"false\" data-opacity=\"100\" data-velocity=\"-0.3\" data-mobile-enabled=\"false\" data-break_parents=\"0\" data-bg-image=\"http:\/\/rafaelfernandes.adv.br\/wp-content\/uploads\/2019\/09\/direito-criminal.jpg\" data-bg-repeat=\"false\" data-bg-color=\"rgba(255,255,255,0)\" data-bg-height=\"\" data-bg-width=\"\"><\/div><div class=\"fusion-fullwidth fullwidth-box fusion-parallax-up nonhundred-percent-fullwidth non-hundred-percent-height-scrolling\"  style='background-color: rgba(255,255,255,0);background-image: url(\"http:\/\/rafaelfernandes.adv.br\/wp-content\/uploads\/2019\/09\/direito-criminal.jpg\");background-position: left top;background-repeat: no-repeat;padding-top:130px;padding-right:0px;padding-bottom:120px;padding-left:0px;border-top-width:0px;border-bottom-width:0px;border-color:#eae9e9;border-top-style:solid;border-bottom-style:solid;-webkit-background-size:cover;-moz-background-size:cover;-o-background-size:cover;background-size:cover;'><div class=\"fusion-builder-row fusion-row \"><div  class=\"fusion-layout-column fusion_builder_column fusion_builder_column_1_2 fusion-builder-column-1 fusion-one-half fusion-column-first 1_2\"  style='margin-top:0px;margin-bottom:20px;width:48%; margin-right: 4%;'>\n\t\t\t\t\t<div class=\"fusion-column-wrapper\" style=\"padding: 0px 0px 0px 0px;background-position:left top;background-repeat:no-repeat;-webkit-background-size:cover;-moz-background-size:cover;-o-background-size:cover;background-size:cover;\"   data-bg-url=\"\">\n\t\t\t\t\t\t<div class=\"fusion-text\"><h2><span style=\"color: #ffffff;\">DIREITO CRIMINAL<\/span><\/h2>\n<p><span style=\"color: #ffffff;\">O maior bem do homem, sem d\u00favida, \u00e9 sua liberdade. Em tempos que a presun\u00e7\u00e3o de inoc\u00eancia parece ter sido esquecida, cada vez mais \u00e9 preciso da dedica\u00e7\u00e3o do profissional da \u00e1rea penal em entender o sistema legal e garantir a ampla defesa e contradit\u00f3rio de seus clientes.<br \/>\nO escrit\u00f3rio Rafael Fernandes, Advocacia &amp; Consultoria disp\u00f5e de profissional especializado em processo penal e direito penal, com diploma certificado pela IMED.<\/span><\/p>\n<\/div><div class=\"fusion-sep-clear\"><\/div><div class=\"fusion-separator fusion-full-width-sep sep-none\" style=\"margin-left: auto;margin-right: auto;margin-top:20px;\"><\/div><div class=\"fusion-clearfix\"><\/div>\n\n\t\t\t\t\t<\/div>\n\t\t\t\t<\/div><div  class=\"fusion-layout-column fusion_builder_column fusion_builder_column_1_2 fusion-builder-column-2 fusion-one-half fusion-column-last 1_2\"  style='margin-top:0px;margin-bottom:20px;width:48%'>\n\t\t\t\t\t<div class=\"fusion-column-wrapper\" style=\"padding: 0px 0px 0px 0px;background-position:left top;background-repeat:no-repeat;-webkit-background-size:cover;-moz-background-size:cover;-o-background-size:cover;background-size:cover;\"   data-bg-url=\"\">\n\t\t\t\t\t\t<div class=\"fusion-clearfix\"><\/div>\n\n\t\t\t\t\t<\/div>\n\t\t\t\t<\/div><\/div><\/div><div class=\"fusion-fullwidth fullwidth-box nonhundred-percent-fullwidth non-hundred-percent-height-scrolling\"  style='background-color: rgba(255,255,255,0);background-position: left top;background-repeat: no-repeat;padding-top:130px;padding-right:0px;padding-bottom:130px;padding-left:0px;border-top-width:0px;border-bottom-width:0px;border-color:#eae9e9;border-top-style:solid;border-bottom-style:solid;'><div class=\"fusion-builder-row fusion-row \"><div  class=\"fusion-layout-column fusion_builder_column fusion_builder_column_2_3 fusion-builder-column-3 fusion-two-third fusion-column-first 2_3\"  style='margin-top:0px;margin-bottom:20px;width:65.3333%; margin-right: 4%;'>\n\t\t\t\t\t<div class=\"fusion-column-wrapper\" style=\"padding: 0px 0px 0px 0px;background-position:left top;background-repeat:no-repeat;-webkit-background-size:cover;-moz-background-size:cover;-o-background-size:cover;background-size:cover;\"   data-bg-url=\"\">\n\t\t\t\t\t\t<div class=\"fusion-text\"><h2>AS MEDIDAS JUDICIAIS<\/h2>\n<\/div><div class=\"fusion-sep-clear\"><\/div><div class=\"fusion-separator sep-single sep-solid\" style=\"border-color:#e2e3e8;border-top-width:3px;margin-top:0px;margin-bottom:35px;width:100%;max-width:170px;\"><\/div><div class=\"fusion-text\"><h3><em>A advocacia criminal exige do profissional de direito um amplo conhecimento dos Direitos e Garantias Constitucionais para melhor defender os interesses de seus patrocinados.<\/em><\/h3>\n<\/div><div class=\"fusion-text\"><h2><\/h2>\n<p>O Advogado criminal tem sua atua\u00e7\u00e3o tanto no pr\u00f3prio processo criminal, como em seus momentos que antecedem a den\u00fancia, como acompanhamento em delegacias, tomada de provas antecipadas e tantos outros procedimentos como por exemplo junto ao Minist\u00e9rio P\u00fablico.<\/p>\n<p>Ainda, temos o t\u00e3o conhecido &#8220;Rem\u00e9dio Her\u00f3ico&#8221;, o Habeas Corpus, que em que pese pode ser impetrado por qualquer cidad\u00e3o, tem no advogado seu defensor triunfante.<\/p>\n<p>Por fim, o advogado criminal tamb\u00e9m pode atuar durante o cumprimento da pena, no que chamamos de &#8220;execu\u00e7\u00e3o da pena&#8221;. Nesse momento, pode o advogado fazer requerimentos de remi\u00e7\u00e3o de pena, detra\u00e7\u00e3o, interpor agravos em execu\u00e7\u00e3o penal das decis\u00f5es que contrariam os direitos dos apenados, bem como atuar na progress\u00e3o de regime.<\/p>\n<\/div><div class=\"fusion-clearfix\"><\/div>\n\n\t\t\t\t\t<\/div>\n\t\t\t\t<\/div><div  class=\"fusion-layout-column fusion_builder_column fusion_builder_column_1_3 fusion-builder-column-4 fusion-one-third fusion-column-last 1_3\"  style='margin-top:0px;margin-bottom:20px;width:30.6666%'>\n\t\t\t\t\t<div class=\"fusion-column-wrapper\" style=\"padding: 0px 0px 0px 0px;background-position:left top;background-repeat:no-repeat;-webkit-background-size:cover;-moz-background-size:cover;-o-background-size:cover;background-size:cover;\"   data-bg-url=\"\">\n\t\t\t\t\t\t<span class=\"fusion-imageframe imageframe-none imageframe-1 hover-type-zoomin fusion-animated\" data-animationType=\"fadeInDown\" data-animationDuration=\"1.0\" data-animationOffset=\"100%\"><a href=\"http:\/\/rafaelfernandes.adv.br\/wp-content\/uploads\/2019\/09\/direito-criminal-1024x630.jpg\" class=\"fusion-lightbox\" data-rel=\"iLightbox[d4137fe2f855147d63d]\" data-title=\"direito-criminal\" title=\"direito-criminal\"><img loading=\"lazy\" src=\"http:\/\/rafaelfernandes.adv.br\/wp-content\/uploads\/2019\/09\/direito-criminal-1024x630.jpg\" width=\"1024\" height=\"630\" alt=\"\" class=\"img-responsive wp-image-776\" srcset=\"http:\/\/rafaelfernandes.adv.br\/wp-content\/uploads\/2019\/09\/direito-criminal-200x123.jpg 200w, http:\/\/rafaelfernandes.adv.br\/wp-content\/uploads\/2019\/09\/direito-criminal-400x246.jpg 400w, http:\/\/rafaelfernandes.adv.br\/wp-content\/uploads\/2019\/09\/direito-criminal-600x369.jpg 600w, http:\/\/rafaelfernandes.adv.br\/wp-content\/uploads\/2019\/09\/direito-criminal-800x492.jpg 800w, http:\/\/rafaelfernandes.adv.br\/wp-content\/uploads\/2019\/09\/direito-criminal-1200x738.jpg 1200w\" sizes=\"(max-width: 800px) 100vw, 400px\" \/><\/a><\/span><div class=\"fusion-clearfix\"><\/div>\n\n\t\t\t\t\t<\/div>\n\t\t\t\t<\/div><\/div><\/div><div class=\"fusion-fullwidth fullwidth-box fusion-parallax-none nonhundred-percent-fullwidth non-hundred-percent-height-scrolling\"  style='background-color: rgba(255,255,255,0);background-image: url(\"http:\/\/rafaelfernandes.adv.br\/wp-content\/uploads\/2019\/09\/direito-criminal-2.jpg\");background-position: center center;background-repeat: no-repeat;padding-top:110px;padding-right:0px;padding-bottom:50px;padding-left:0px;border-top-width:0px;border-bottom-width:0px;border-color:#eae9e9;border-top-style:solid;border-bottom-style:solid;-webkit-background-size:cover;-moz-background-size:cover;-o-background-size:cover;background-size:cover;'><div class=\"fusion-builder-row fusion-row \"><div  class=\"fusion-layout-column fusion_builder_column fusion_builder_column_1_3 fusion-builder-column-5 fusion-one-third fusion-column-first 1_3\"  style='margin-top:0px;margin-bottom:0px;width:30.6666%; margin-right: 4%;'>\n\t\t\t\t\t<div class=\"fusion-column-wrapper\" style=\"border-right:3px solid #ffffff;padding: 0px 0px 0px 0px;background-position:right center;background-repeat:no-repeat;-webkit-background-size:cover;-moz-background-size:cover;-o-background-size:cover;background-size:cover;\"   data-bg-url=\"\">\n\t\t\t\t\t\t<div class=\"fusion-text\"><h2><span style=\"color: #ffffff;\">O DIREITO PENAL<\/span><\/h2>\n<\/div><div class=\"fusion-clearfix\"><\/div>\n\n\t\t\t\t\t<\/div>\n\t\t\t\t<\/div><div  class=\"fusion-layout-column fusion_builder_column fusion_builder_column_2_3 fusion-builder-column-6 fusion-two-third fusion-column-last 2_3\"  style='margin-top:0px;margin-bottom:100px;width:65.3333%'>\n\t\t\t\t\t<div class=\"fusion-column-wrapper\" style=\"padding: 0px 0px 0px 0px;background-position:left top;background-repeat:no-repeat;-webkit-background-size:cover;-moz-background-size:cover;-o-background-size:cover;background-size:cover;\"   data-bg-url=\"\">\n\t\t\t\t\t\t<div class=\"fusion-text\"><h3><span style=\"color: #ffffff;\"><em>&#8220;A advocacia Criminal n\u00e3o \u00e9 para covardes.&#8221; Essa frase de Sobral Pinto, um dos maiores juristas da \u00e1rea criminal at\u00e9 hoje ecoa aos 4 campos do poder judici\u00e1rio com excel\u00eancia.<\/em><\/span><\/h3>\n<\/div><div class=\"fusion-clearfix\"><\/div>\n\n\t\t\t\t\t<\/div>\n\t\t\t\t<\/div><\/div><\/div><\/p>\n","protected":false},"excerpt":{"rendered":"","protected":false},"author":1,"featured_media":0,"parent":0,"menu_order":0,"comment_status":"closed","ping_status":"open","template":"100-width.php","meta":[],"_links":{"self":[{"href":"http:\/\/rafaelfernandes.adv.br\/index.php\/wp-json\/wp\/v2\/pages\/555"}],"collection":[{"href":"http:\/\/rafaelfernandes.adv.br\/index.php\/wp-json\/wp\/v2\/pages"}],"about":[{"href":"http:\/\/rafaelfernandes.adv.br\/index.php\/wp-json\/wp\/v2\/types\/page"}],"author":[{"embeddable":true,"href":"http:\/\/rafaelfernandes.adv.br\/index.php\/wp-json\/wp\/v2\/users\/1"}],"replies":[{"embeddable":true,"href":"http:\/\/rafaelfernandes.adv.br\/index.php\/wp-json\/wp\/v2\/comments?post=555"}],"version-history":[{"count":12,"href":"http:\/\/rafaelfernandes.adv.br\/index.php\/wp-json\/wp\/v2\/pages\/555\/revisions"}],"predecessor-version":[{"id":805,"href":"http:\/\/rafaelfernandes.adv.br\/index.php\/wp-json\/wp\/v2\/pages\/555\/revisions\/805"}],"wp:attachment":[{"href":"http:\/\/rafaelfernandes.adv.br\/index.php\/wp-json\/wp\/v2\/media?parent=555"}],"curies":[{"name":"wp","href":"https:\/\/api.w.org\/{rel}","templated":true}]}}