{"id":641,"date":"2015-07-01T01:47:10","date_gmt":"2015-07-01T01:47:10","guid":{"rendered":"http:\/\/rafaelfernandes.adv.br\/?page_id=641"},"modified":"2019-09-20T08:13:14","modified_gmt":"2019-09-20T11:13:14","slug":"direito-trabalhista","status":"publish","type":"page","link":"http:\/\/rafaelfernandes.adv.br\/index.php\/direito-trabalhista\/","title":{"rendered":"Direito Trabalhista"},"content":{"rendered":"<p><div class=\"fusion-bg-parallax\"  data-bg-align=\"left center\" data-direction=\"up\" data-mute=\"false\" data-opacity=\"100\" data-velocity=\"-0.3\" data-mobile-enabled=\"false\" data-break_parents=\"0\" data-bg-image=\"http:\/\/rafaelfernandes.adv.br\/wp-content\/uploads\/2019\/09\/direito-trabalhista-1.jpg\" data-bg-repeat=\"false\" data-bg-color=\"rgba(255,255,255,0)\" data-bg-height=\"\" data-bg-width=\"\"><\/div><div class=\"fusion-fullwidth fullwidth-box fusion-parallax-up nonhundred-percent-fullwidth non-hundred-percent-height-scrolling\"  style='background-color: rgba(255,255,255,0);background-image: url(\"http:\/\/rafaelfernandes.adv.br\/wp-content\/uploads\/2019\/09\/direito-trabalhista-1.jpg\");background-position: left center;background-repeat: no-repeat;padding-top:130px;padding-right:0px;padding-bottom:120px;padding-left:0px;border-top-width:0px;border-bottom-width:0px;border-color:#eae9e9;border-top-style:solid;border-bottom-style:solid;-webkit-background-size:cover;-moz-background-size:cover;-o-background-size:cover;background-size:cover;'><div class=\"fusion-builder-row fusion-row \"><div  class=\"fusion-layout-column fusion_builder_column fusion_builder_column_1_2 fusion-builder-column-1 fusion-one-half fusion-column-first 1_2\"  style='margin-top:0px;margin-bottom:20px;width:48%; margin-right: 4%;'>\n\t\t\t\t\t<div class=\"fusion-column-wrapper\" style=\"padding: 0px 0px 0px 0px;background-position:left top;background-repeat:no-repeat;-webkit-background-size:cover;-moz-background-size:cover;-o-background-size:cover;background-size:cover;\"   data-bg-url=\"\">\n\t\t\t\t\t\t<div class=\"fusion-text\"><h2><span style=\"color: #ffffff;\">DIREITO TRABALHISTA<\/span><\/h2>\n<p><span style=\"color: #ffffff;\">A Revolu\u00e7\u00e3o Industrial no Brasil, em idos dos anos 30, trouxe a preocupa\u00e7\u00e3o do legislador com a rela\u00e7\u00e3o entre trabalhador e empregador. Os anos passaram e o direito do trabalho foi repensado, eis que as atitudes gananciosas do passado, deram espa\u00e7o para rela\u00e7\u00f5es mais pr\u00f3ximas entre patr\u00e3o e empregado. Com a chegada da nova legisla\u00e7\u00e3o trabalhista, alterando consubstancialmente direitos e deveres, os profissionais da advocacia precisaram se reciclar.<br \/>\nO escrit\u00f3rio Rafael Fernandes, Advocacia &amp; Consultoria conta com profissional atuante na \u00e1rea da advocacia trabalhista h\u00e1 mais de 15 anos, com amplo conhecimento na mat\u00e9ria.<\/span><\/p>\n<\/div><div class=\"fusion-sep-clear\"><\/div><div class=\"fusion-separator fusion-full-width-sep sep-none\" style=\"margin-left: auto;margin-right: auto;margin-top:20px;\"><\/div><div class=\"fusion-clearfix\"><\/div>\n\n\t\t\t\t\t<\/div>\n\t\t\t\t<\/div><div  class=\"fusion-layout-column fusion_builder_column fusion_builder_column_1_2 fusion-builder-column-2 fusion-one-half fusion-column-last 1_2\"  style='margin-top:0px;margin-bottom:20px;width:48%'>\n\t\t\t\t\t<div class=\"fusion-column-wrapper\" style=\"padding: 0px 0px 0px 0px;background-position:left top;background-repeat:no-repeat;-webkit-background-size:cover;-moz-background-size:cover;-o-background-size:cover;background-size:cover;\"   data-bg-url=\"\">\n\t\t\t\t\t\t<div class=\"fusion-clearfix\"><\/div>\n\n\t\t\t\t\t<\/div>\n\t\t\t\t<\/div><\/div><\/div><div class=\"fusion-fullwidth fullwidth-box nonhundred-percent-fullwidth non-hundred-percent-height-scrolling\"  style='background-color: rgba(255,255,255,0);background-position: left top;background-repeat: no-repeat;padding-top:130px;padding-right:0px;padding-bottom:130px;padding-left:0px;border-top-width:0px;border-bottom-width:0px;border-color:#eae9e9;border-top-style:solid;border-bottom-style:solid;'><div class=\"fusion-builder-row fusion-row \"><div  class=\"fusion-layout-column fusion_builder_column fusion_builder_column_2_3 fusion-builder-column-3 fusion-two-third fusion-column-first 2_3\"  style='margin-top:0px;margin-bottom:20px;width:65.3333%; margin-right: 4%;'>\n\t\t\t\t\t<div class=\"fusion-column-wrapper\" style=\"padding: 0px 0px 0px 0px;background-position:left top;background-repeat:no-repeat;-webkit-background-size:cover;-moz-background-size:cover;-o-background-size:cover;background-size:cover;\"   data-bg-url=\"\">\n\t\t\t\t\t\t<div class=\"fusion-text\"><h2>A REFORMA TRABALHISTA<\/h2>\n<\/div><div class=\"fusion-sep-clear\"><\/div><div class=\"fusion-separator sep-single sep-solid\" style=\"border-color:#e2e3e8;border-top-width:3px;margin-top:0px;margin-bottom:35px;width:100%;max-width:170px;\"><\/div><div class=\"fusion-text\"><h3><em>Alterar as lei que regulam a rela\u00e7\u00e3o de trabalho foi um marco nas rela\u00e7\u00f5es de trabalho, j\u00e1 que flexibilizou-se direitos e obriga\u00e7\u00f5es entre as partes, as quais antes se entendiam essenciais.<\/em><\/h3>\n<h3><strong><em>Muita coisa mudou. S\u00f3 n\u00e3o mudou a luta de classes entre empregado e empregador. Essa merece a acolhida do profissional do direito.<\/em><\/strong><\/h3>\n<\/div><div class=\"fusion-clearfix\"><\/div>\n\n\t\t\t\t\t<\/div>\n\t\t\t\t<\/div><div  class=\"fusion-layout-column fusion_builder_column fusion_builder_column_1_3 fusion-builder-column-4 fusion-one-third fusion-column-last 1_3\"  style='margin-top:0px;margin-bottom:20px;width:30.6666%'>\n\t\t\t\t\t<div class=\"fusion-column-wrapper\" style=\"padding: 0px 0px 0px 0px;background-position:left top;background-repeat:no-repeat;-webkit-background-size:cover;-moz-background-size:cover;-o-background-size:cover;background-size:cover;\"   data-bg-url=\"\">\n\t\t\t\t\t\t<span class=\"fusion-imageframe imageframe-none imageframe-1 hover-type-zoomin fusion-animated\" data-animationType=\"fadeInDown\" data-animationDuration=\"1.0\" data-animationOffset=\"100%\"><a href=\"http:\/\/rafaelfernandes.adv.br\/wp-content\/uploads\/2019\/09\/direito-trabalhista-e1568976196631-916x1024.jpg\" class=\"fusion-lightbox\" data-rel=\"iLightbox[57ff79b08f6937f9846]\" data-title=\"direito-trabalhista\" title=\"direito-trabalhista\"><img loading=\"lazy\" src=\"http:\/\/rafaelfernandes.adv.br\/wp-content\/uploads\/2019\/09\/direito-trabalhista-e1568976196631-916x1024.jpg\" width=\"916\" height=\"1024\" alt=\"\" class=\"img-responsive wp-image-788\" srcset=\"http:\/\/rafaelfernandes.adv.br\/wp-content\/uploads\/2019\/09\/direito-trabalhista-e1568976196631-200x224.jpg 200w, http:\/\/rafaelfernandes.adv.br\/wp-content\/uploads\/2019\/09\/direito-trabalhista-e1568976196631-400x447.jpg 400w, http:\/\/rafaelfernandes.adv.br\/wp-content\/uploads\/2019\/09\/direito-trabalhista-e1568976196631-600x671.jpg 600w, http:\/\/rafaelfernandes.adv.br\/wp-content\/uploads\/2019\/09\/direito-trabalhista-e1568976196631-800x895.jpg 800w, http:\/\/rafaelfernandes.adv.br\/wp-content\/uploads\/2019\/09\/direito-trabalhista-e1568976196631.jpg 1072w\" sizes=\"(max-width: 800px) 100vw, 916px\" \/><\/a><\/span><div class=\"fusion-clearfix\"><\/div>\n\n\t\t\t\t\t<\/div>\n\t\t\t\t<\/div><\/div><\/div><div class=\"fusion-fullwidth fullwidth-box fusion-parallax-none nonhundred-percent-fullwidth non-hundred-percent-height-scrolling\"  style='background-color: rgba(255,255,255,0);background-image: url(\"http:\/\/rafaelfernandes.adv.br\/wp-content\/uploads\/2019\/09\/direito-trabalhista-2.jpg\");background-position: center center;background-repeat: no-repeat;padding-top:110px;padding-right:0px;padding-bottom:50px;padding-left:0px;border-top-width:0px;border-bottom-width:0px;border-color:#eae9e9;border-top-style:solid;border-bottom-style:solid;-webkit-background-size:cover;-moz-background-size:cover;-o-background-size:cover;background-size:cover;'><div class=\"fusion-builder-row fusion-row \"><div  class=\"fusion-layout-column fusion_builder_column fusion_builder_column_1_3 fusion-builder-column-5 fusion-one-third fusion-column-first 1_3\"  style='margin-top:0px;margin-bottom:0px;width:30.6666%; margin-right: 4%;'>\n\t\t\t\t\t<div class=\"fusion-column-wrapper\" style=\"border-right:3px solid #ffffff;padding: 0px 0px 0px 0px;background-position:right center;background-repeat:no-repeat;-webkit-background-size:cover;-moz-background-size:cover;-o-background-size:cover;background-size:cover;\"   data-bg-url=\"\">\n\t\t\t\t\t\t<div class=\"fusion-text\"><h2><span style=\"color: #ffffff;\">TRABALHADOR E EMPREGADO<\/span><\/h2>\n<\/div><div class=\"fusion-clearfix\"><\/div>\n\n\t\t\t\t\t<\/div>\n\t\t\t\t<\/div><div  class=\"fusion-layout-column fusion_builder_column fusion_builder_column_2_3 fusion-builder-column-6 fusion-two-third fusion-column-last 2_3\"  style='margin-top:0px;margin-bottom:100px;width:65.3333%'>\n\t\t\t\t\t<div class=\"fusion-column-wrapper\" style=\"padding: 0px 0px 0px 0px;background-position:left top;background-repeat:no-repeat;-webkit-background-size:cover;-moz-background-size:cover;-o-background-size:cover;background-size:cover;\"   data-bg-url=\"\">\n\t\t\t\t\t\t<div class=\"fusion-text\"><h3><span style=\"color: #ffffff;\"><em>Trabalhador e empregador sempre travar\u00e3o uma batalha a parte. Nem sempre ter\u00e3o raz\u00e3o, mas sempre ter\u00e3o direitos e deveres.<\/em><\/span><\/h3>\n<\/div><div class=\"fusion-clearfix\"><\/div>\n\n\t\t\t\t\t<\/div>\n\t\t\t\t<\/div><\/div><\/div><\/p>\n","protected":false},"excerpt":{"rendered":"","protected":false},"author":1,"featured_media":0,"parent":0,"menu_order":0,"comment_status":"closed","ping_status":"open","template":"100-width.php","meta":[],"_links":{"self":[{"href":"http:\/\/rafaelfernandes.adv.br\/index.php\/wp-json\/wp\/v2\/pages\/641"}],"collection":[{"href":"http:\/\/rafaelfernandes.adv.br\/index.php\/wp-json\/wp\/v2\/pages"}],"about":[{"href":"http:\/\/rafaelfernandes.adv.br\/index.php\/wp-json\/wp\/v2\/types\/page"}],"author":[{"embeddable":true,"href":"http:\/\/rafaelfernandes.adv.br\/index.php\/wp-json\/wp\/v2\/users\/1"}],"replies":[{"embeddable":true,"href":"http:\/\/rafaelfernandes.adv.br\/index.php\/wp-json\/wp\/v2\/comments?post=641"}],"version-history":[{"count":10,"href":"http:\/\/rafaelfernandes.adv.br\/index.php\/wp-json\/wp\/v2\/pages\/641\/revisions"}],"predecessor-version":[{"id":804,"href":"http:\/\/rafaelfernandes.adv.br\/index.php\/wp-json\/wp\/v2\/pages\/641\/revisions\/804"}],"wp:attachment":[{"href":"http:\/\/rafaelfernandes.adv.br\/index.php\/wp-json\/wp\/v2\/media?parent=641"}],"curies":[{"name":"wp","href":"https:\/\/api.w.org\/{rel}","templated":true}]}}