{"id":643,"date":"2015-07-01T01:47:30","date_gmt":"2015-07-01T01:47:30","guid":{"rendered":"http:\/\/rafaelfernandes.adv.br\/?page_id=643"},"modified":"2019-09-20T08:12:25","modified_gmt":"2019-09-20T11:12:25","slug":"direito-de-familia-e-sucessoes","status":"publish","type":"page","link":"http:\/\/rafaelfernandes.adv.br\/index.php\/direito-de-familia-e-sucessoes\/","title":{"rendered":"Direito De Fam\u00edlia e Sucess\u00f5es"},"content":{"rendered":"<p><div class=\"fusion-bg-parallax\"  data-bg-align=\"left bottom\" data-direction=\"up\" data-mute=\"false\" data-opacity=\"100\" data-velocity=\"-0.3\" data-mobile-enabled=\"false\" data-break_parents=\"0\" data-bg-image=\"http:\/\/rafaelfernandes.adv.br\/wp-content\/uploads\/2019\/09\/direito-familia-1024x630.jpg\" data-bg-repeat=\"false\" data-bg-color=\"rgba(255,255,255,0)\" data-bg-height=\"\" data-bg-width=\"\"><\/div><div class=\"fusion-fullwidth fullwidth-box fusion-parallax-up nonhundred-percent-fullwidth non-hundred-percent-height-scrolling\"  style='background-color: rgba(255,255,255,0);background-image: url(\"http:\/\/rafaelfernandes.adv.br\/wp-content\/uploads\/2019\/09\/direito-familia-1024x630.jpg\");background-position: left bottom;background-repeat: no-repeat;padding-top:130px;padding-right:0px;padding-bottom:120px;padding-left:0px;border-top-width:0px;border-bottom-width:0px;border-color:#eae9e9;border-top-style:solid;border-bottom-style:solid;-webkit-background-size:cover;-moz-background-size:cover;-o-background-size:cover;background-size:cover;'><div class=\"fusion-builder-row fusion-row \"><div  class=\"fusion-layout-column fusion_builder_column fusion_builder_column_1_2 fusion-builder-column-1 fusion-one-half fusion-column-first 1_2\"  style='margin-top:0px;margin-bottom:20px;width:48%; margin-right: 4%;'>\n\t\t\t\t\t<div class=\"fusion-column-wrapper\" style=\"padding: 0px 0px 0px 0px;background-position:left top;background-repeat:no-repeat;-webkit-background-size:cover;-moz-background-size:cover;-o-background-size:cover;background-size:cover;\"   data-bg-url=\"\">\n\t\t\t\t\t\t<div class=\"fusion-text\"><h2><span style=\"color: #ffffff;\">DIREITO DE FAM\u00cdLIA E SUCESS\u00d5ES<\/span><\/h2>\n<p><span style=\"color: #ffffff;\">O Primeiro v\u00ednculo do ser humano \u00e9 com sua fam\u00edlia. Pais, m\u00e3es, filhos, av\u00f3s. O direito de fam\u00edlia atende os interesses daqueles que necessitam de aux\u00edlio m\u00fatuo, bem como dos que buscam a extin\u00e7\u00e3o do la\u00e7o familiar. Os alimentos (popularmente conhecido como pens\u00e3o) devem atender filhos, mas tamb\u00e9m atender os pais, quando idosos. E quando o ente querido parte, as quest\u00f5es patrimoniais devem ser resolvidas atrav\u00e9s de invent\u00e1rio para regulariza\u00e7\u00e3o patrimonial.<br \/>\nO escrit\u00f3rio Rafael Fernandes, Advocacia &amp; Consultoria conta com profissionais que atuam tanto em demandas litigiosas como consensuais, quer seja em tabelionatos, quer seja perante o Poder Judici\u00e1rio.<\/span><\/p>\n<\/div><div class=\"fusion-sep-clear\"><\/div><div class=\"fusion-separator fusion-full-width-sep sep-none\" style=\"margin-left: auto;margin-right: auto;margin-top:20px;\"><\/div><div class=\"fusion-clearfix\"><\/div>\n\n\t\t\t\t\t<\/div>\n\t\t\t\t<\/div><div  class=\"fusion-layout-column fusion_builder_column fusion_builder_column_1_2 fusion-builder-column-2 fusion-one-half fusion-column-last 1_2\"  style='margin-top:0px;margin-bottom:20px;width:48%'>\n\t\t\t\t\t<div class=\"fusion-column-wrapper\" style=\"padding: 0px 0px 0px 0px;background-position:left top;background-repeat:no-repeat;-webkit-background-size:cover;-moz-background-size:cover;-o-background-size:cover;background-size:cover;\"   data-bg-url=\"\">\n\t\t\t\t\t\t<div class=\"fusion-clearfix\"><\/div>\n\n\t\t\t\t\t<\/div>\n\t\t\t\t<\/div><\/div><\/div><div class=\"fusion-fullwidth fullwidth-box nonhundred-percent-fullwidth non-hundred-percent-height-scrolling\"  style='background-color: rgba(255,255,255,0);background-position: center center;background-repeat: no-repeat;padding-top:130px;padding-right:0px;padding-bottom:130px;padding-left:0px;'><div class=\"fusion-builder-row fusion-row \"><div  class=\"fusion-layout-column fusion_builder_column fusion_builder_column_2_3 fusion-builder-column-3 fusion-two-third fusion-column-first 2_3\"  style='margin-top:0px;margin-bottom:20px;width:66.66%;width:calc(66.66% - ( ( 4% ) * 0.6666 ) );margin-right: 4%;'>\n\t\t\t\t\t<div class=\"fusion-column-wrapper\" style=\"padding: 0px 0px 0px 0px;background-position:left top;background-repeat:no-repeat;-webkit-background-size:cover;-moz-background-size:cover;-o-background-size:cover;background-size:cover;\"   data-bg-url=\"\">\n\t\t\t\t\t\t<div class=\"fusion-text\"><h2>OS PROCESSOS DE FAM\u00cdLIA E SUCESS\u00d5ES<\/h2>\n<\/div><div class=\"fusion-sep-clear\"><\/div><div class=\"fusion-separator sep-single sep-solid\" style=\"border-color:#e0dede;border-top-width:3px;margin-top:0px;margin-bottom:35px;width:100%;max-width:170px;\"><\/div><div class=\"fusion-text\"><h3><em>A investiga\u00e7\u00e3o de paternidade, a\u00e7\u00e3o de alimentos, o div\u00f3rcio e o invent\u00e1rio, s\u00e3o as principais demandas judiciais e\/ou extrajudiciais da \u00e1rea de direito de fam\u00edlia, que o profissional da advocacia deve estar preparado para melhor atender seu cliente.<\/em><\/h3>\n<\/div><div class=\"fusion-text\"><h2><\/h2>\n<p>Atuar na advocacia de fam\u00edlia e sucess\u00f5es muitas vezes \u00e9 lidar com a angustia de quem procura o reconhecimento de um pai, o sofrimento de quem busca o amparo financeiro para presta\u00e7\u00e3o de alimentos, o complicado fim do enlace matrimonial e a tristeza de encerrar o v\u00ednculo familiar com a abertura de invent\u00e1rio e partilha de bens.<\/p>\n<p>O profissionalismo do advogado muitas vezes extrapola a rela\u00e7\u00e3o profissional, onde o cliente por vezes v\u00ea no advogado algu\u00e9m para desabafo.<\/p>\n<p>\u00c9 necess\u00e1rio que o profissional da advocacia tenha a sensibilidade e cuidado, muitas vezes pessoal na lida com seu cliente.<\/p>\n<p>O Escrit\u00f3rio Rafael Fernandes, Advocacia &amp; Consultoria conta com profissionais humanamente preparados para atender os anseios do cliente na \u00e1rea de Fam\u00edlia e Sucess\u00f5es.<\/p>\n<\/div><div class=\"fusion-clearfix\"><\/div>\n\n\t\t\t\t\t<\/div>\n\t\t\t\t<\/div><div  class=\"fusion-layout-column fusion_builder_column fusion_builder_column_1_3 fusion-builder-column-4 fusion-one-third fusion-column-last 1_3\"  style='margin-top:0px;margin-bottom:20px;width:33.33%;width:calc(33.33% - ( ( 4% ) * 0.3333 ) );'>\n\t\t\t\t\t<div class=\"fusion-column-wrapper\" style=\"padding: 0px 0px 0px 0px;background-position:left top;background-repeat:no-repeat;-webkit-background-size:cover;-moz-background-size:cover;-o-background-size:cover;background-size:cover;\"   data-bg-url=\"\">\n\t\t\t\t\t\t<span class=\"fusion-imageframe imageframe-none imageframe-1 hover-type-none\"><img loading=\"lazy\" src=\"http:\/\/rafaelfernandes.adv.br\/wp-content\/uploads\/2019\/09\/direito-familia-e1568977608298-787x1024.jpg\" width=\"787\" height=\"1024\" alt=\"\" title=\"direito-familia\" class=\"img-responsive wp-image-797\" srcset=\"http:\/\/rafaelfernandes.adv.br\/wp-content\/uploads\/2019\/09\/direito-familia-e1568977608298-200x260.jpg 200w, http:\/\/rafaelfernandes.adv.br\/wp-content\/uploads\/2019\/09\/direito-familia-e1568977608298-400x521.jpg 400w, http:\/\/rafaelfernandes.adv.br\/wp-content\/uploads\/2019\/09\/direito-familia-e1568977608298-600x781.jpg 600w, http:\/\/rafaelfernandes.adv.br\/wp-content\/uploads\/2019\/09\/direito-familia-e1568977608298-800x1041.jpg 800w, http:\/\/rafaelfernandes.adv.br\/wp-content\/uploads\/2019\/09\/direito-familia-e1568977608298.jpg 921w\" sizes=\"(max-width: 800px) 100vw, 787px\" \/><\/span><div class=\"fusion-clearfix\"><\/div>\n\n\t\t\t\t\t<\/div>\n\t\t\t\t<\/div><\/div><\/div><div class=\"fusion-fullwidth fullwidth-box fusion-parallax-none nonhundred-percent-fullwidth non-hundred-percent-height-scrolling\"  style='background-color: rgba(255,255,255,0);background-image: url(\"http:\/\/rafaelfernandes.adv.br\/wp-content\/uploads\/2019\/09\/direito-familia2-1024x630.jpg\");background-position: center center;background-repeat: no-repeat;padding-top:110px;padding-right:0px;padding-bottom:50px;padding-left:0px;border-top-width:1px;border-bottom-width:1px;border-color:#eae9e9;border-top-style:solid;border-bottom-style:solid;-webkit-background-size:cover;-moz-background-size:cover;-o-background-size:cover;background-size:cover;'><div class=\"fusion-builder-row fusion-row \"><div  class=\"fusion-layout-column fusion_builder_column fusion_builder_column_1_3 fusion-builder-column-5 fusion-one-third fusion-column-first 1_3\"  style='margin-top:0px;margin-bottom:20px;width:33.33%;width:calc(33.33% - ( ( 4% ) * 0.3333 ) );margin-right: 4%;'>\n\t\t\t\t\t<div class=\"fusion-column-wrapper\" style=\"padding: 0px 0px 0px 0px;background-position:left top;background-repeat:no-repeat;-webkit-background-size:cover;-moz-background-size:cover;-o-background-size:cover;background-size:cover;\"   data-bg-url=\"\">\n\t\t\t\t\t\t<div class=\"fusion-text\"><h2><span style=\"color: #ffffff;\">FAM\u00cdLIA E SUCESS\u00d5ES<\/span><\/h2>\n<\/div><div class=\"fusion-clearfix\"><\/div>\n\n\t\t\t\t\t<\/div>\n\t\t\t\t<\/div><div  class=\"fusion-layout-column fusion_builder_column fusion_builder_column_2_3 fusion-builder-column-6 fusion-two-third fusion-column-last 2_3\"  style='margin-top:0px;margin-bottom:20px;width:66.66%;width:calc(66.66% - ( ( 4% ) * 0.6666 ) );'>\n\t\t\t\t\t<div class=\"fusion-column-wrapper\" style=\"padding: 0px 0px 0px 0px;background-position:left top;background-repeat:no-repeat;-webkit-background-size:cover;-moz-background-size:cover;-o-background-size:cover;background-size:cover;\"   data-bg-url=\"\">\n\t\t\t\t\t\t<div class=\"fusion-text\"><h3><span style=\"color: #ffffff;\"><em>\u00c9 necess\u00e1rio se adequar ao bin\u00f4mio &#8220;sensibilidade e legisla\u00e7\u00e3o&#8221; para que o Direito de Fam\u00edlia e Sucess\u00f5es tenha sua humanidade e justi\u00e7a andando lado a lado.<\/em><\/span><\/h3>\n<\/div><div class=\"fusion-clearfix\"><\/div>\n\n\t\t\t\t\t<\/div>\n\t\t\t\t<\/div><\/div><\/div><\/p>\n","protected":false},"excerpt":{"rendered":"","protected":false},"author":1,"featured_media":0,"parent":0,"menu_order":0,"comment_status":"closed","ping_status":"open","template":"100-width.php","meta":[],"_links":{"self":[{"href":"http:\/\/rafaelfernandes.adv.br\/index.php\/wp-json\/wp\/v2\/pages\/643"}],"collection":[{"href":"http:\/\/rafaelfernandes.adv.br\/index.php\/wp-json\/wp\/v2\/pages"}],"about":[{"href":"http:\/\/rafaelfernandes.adv.br\/index.php\/wp-json\/wp\/v2\/types\/page"}],"author":[{"embeddable":true,"href":"http:\/\/rafaelfernandes.adv.br\/index.php\/wp-json\/wp\/v2\/users\/1"}],"replies":[{"embeddable":true,"href":"http:\/\/rafaelfernandes.adv.br\/index.php\/wp-json\/wp\/v2\/comments?post=643"}],"version-history":[{"count":13,"href":"http:\/\/rafaelfernandes.adv.br\/index.php\/wp-json\/wp\/v2\/pages\/643\/revisions"}],"predecessor-version":[{"id":801,"href":"http:\/\/rafaelfernandes.adv.br\/index.php\/wp-json\/wp\/v2\/pages\/643\/revisions\/801"}],"wp:attachment":[{"href":"http:\/\/rafaelfernandes.adv.br\/index.php\/wp-json\/wp\/v2\/media?parent=643"}],"curies":[{"name":"wp","href":"https:\/\/api.w.org\/{rel}","templated":true}]}}