{"id":855,"date":"2021-03-26T05:36:09","date_gmt":"2021-03-26T08:36:09","guid":{"rendered":"http:\/\/rafaelfernandes.adv.br\/?page_id=855"},"modified":"2021-03-26T05:39:26","modified_gmt":"2021-03-26T08:39:26","slug":"direito-publico","status":"publish","type":"page","link":"http:\/\/rafaelfernandes.adv.br\/index.php\/direito-publico\/","title":{"rendered":"Direito P\u00fablico"},"content":{"rendered":"<p><div class=\"fusion-bg-parallax\"  data-bg-align=\"right center\" data-direction=\"up\" data-mute=\"false\" data-opacity=\"100\" data-velocity=\"-0.3\" data-mobile-enabled=\"false\" data-break_parents=\"0\" data-bg-image=\"http:\/\/rafaelfernandes.adv.br\/wp-content\/uploads\/2019\/09\/direito-civil.jpg\" data-bg-repeat=\"false\" data-bg-color=\"rgba(255,255,255,0)\" data-bg-height=\"\" data-bg-width=\"\"><\/div><div class=\"fusion-fullwidth fullwidth-box fusion-parallax-up nonhundred-percent-fullwidth non-hundred-percent-height-scrolling\"  style='background-color: rgba(255,255,255,0);background-image: url(\"http:\/\/rafaelfernandes.adv.br\/wp-content\/uploads\/2019\/09\/direito-civil.jpg\");background-position: right center;background-repeat: no-repeat;padding-top:130px;padding-right:0px;padding-bottom:120px;padding-left:0px;border-top-width:0px;border-bottom-width:0px;border-color:#eae9e9;border-top-style:solid;border-bottom-style:solid;-webkit-background-size:cover;-moz-background-size:cover;-o-background-size:cover;background-size:cover;'><div class=\"fusion-builder-row fusion-row \"><div  class=\"fusion-layout-column fusion_builder_column fusion_builder_column_1_2 fusion-builder-column-1 fusion-one-half fusion-column-first 1_2\"  style='margin-top:0px;margin-bottom:20px;width:48%; margin-right: 4%;'>\n\t\t\t\t\t<div class=\"fusion-column-wrapper\" style=\"padding: 0px 0px 0px 0px;background-position:left top;background-repeat:no-repeat;-webkit-background-size:cover;-moz-background-size:cover;-o-background-size:cover;background-size:cover;\"   data-bg-url=\"\">\n\t\t\t\t\t\t<div class=\"fusion-text\"><h2><span style=\"color: #ffffff;\">DIREITO P\u00daBLICO<\/span><\/h2>\n<p><span style=\"color: #ffffff;\">\u201cNingu\u00e9m se escusa de cumprir a lei, alegando que n\u00e3o a conhece\u201d. Esse t\u00edtulo refere-se a Lei de Introdu\u00e7\u00e3o \u00e0s normas do ordenamento jur\u00eddico brasileiro. Evidente que em um pa\u00eds com centenas de normas jur\u00eddicas, n\u00e3o \u00e9 poss\u00edvel que se tenha o conhecimento amplo e eficaz de todas. Rela\u00e7\u00f5es de consumo, contratuais, obriga\u00e7\u00f5es, responsabilidades civis, tudo isso necessita de cautela e cuidado para evitar problemas futuros.<br \/>\nO escrit\u00f3rio Rafael Fernandes, Advocacia &amp; Consultoria conta com profissional atuante na \u00e1rea da advocacia civil h\u00e1 mais de 15 anos.<br \/>\n<\/span><\/p>\n<\/div><div class=\"fusion-sep-clear\"><\/div><div class=\"fusion-separator fusion-full-width-sep sep-none\" style=\"margin-left: auto;margin-right: auto;margin-top:20px;\"><\/div><div class=\"fusion-clearfix\"><\/div>\n\n\t\t\t\t\t<\/div>\n\t\t\t\t<\/div><div  class=\"fusion-layout-column fusion_builder_column fusion_builder_column_1_2 fusion-builder-column-2 fusion-one-half fusion-column-last 1_2\"  style='margin-top:0px;margin-bottom:20px;width:48%'>\n\t\t\t\t\t<div class=\"fusion-column-wrapper\" style=\"padding: 0px 0px 0px 0px;background-position:left top;background-repeat:no-repeat;-webkit-background-size:cover;-moz-background-size:cover;-o-background-size:cover;background-size:cover;\"   data-bg-url=\"\">\n\t\t\t\t\t\t<div class=\"fusion-clearfix\"><\/div>\n\n\t\t\t\t\t<\/div>\n\t\t\t\t<\/div><\/div><\/div><div class=\"fusion-fullwidth fullwidth-box nonhundred-percent-fullwidth non-hundred-percent-height-scrolling\"  style='background-color: rgba(255,255,255,0);background-position: left top;background-repeat: no-repeat;padding-top:130px;padding-right:0px;padding-bottom:130px;padding-left:0px;border-top-width:0px;border-bottom-width:0px;border-color:#eae9e9;border-top-style:solid;border-bottom-style:solid;'><div class=\"fusion-builder-row fusion-row \"><div  class=\"fusion-layout-column fusion_builder_column fusion_builder_column_2_3 fusion-builder-column-3 fusion-two-third fusion-column-first 2_3\"  style='margin-top:0px;margin-bottom:20px;width:65.3333%; margin-right: 4%;'>\n\t\t\t\t\t<div class=\"fusion-column-wrapper\" style=\"padding: 0px 0px 0px 0px;background-position:left top;background-repeat:no-repeat;-webkit-background-size:cover;-moz-background-size:cover;-o-background-size:cover;background-size:cover;\"   data-bg-url=\"\">\n\t\t\t\t\t\t<div class=\"fusion-text\"><h2>A VIDA EM SOCIEDADE<\/h2>\n<\/div><div class=\"fusion-sep-clear\"><\/div><div class=\"fusion-separator sep-single sep-solid\" style=\"border-color:#e2e3e8;border-top-width:3px;margin-top:0px;margin-bottom:35px;width:100%;max-width:170px;\"><\/div><div class=\"fusion-text\"><h3><em>Contratos, rela\u00e7\u00f5es de consumo, responsabilidade civil, propriet\u00e1rio x inquilino, Danos materiais e morais, s\u00e3o alguns dos institutos que representam o Direito Civil.<\/em><\/h3>\n<\/div><div class=\"fusion-text\"><h2><\/h2>\n<p>Nosso cotidiano passa pelas rela\u00e7\u00f5es de consumo. Supermercado, cabelereiro, barbeiro, estacionamento, feira&#8230;. Todos prestadores de servi\u00e7os assim como o pr\u00f3prio profissional da advocacia. A legisla\u00e7\u00e3o garante direitos e deveres que merecem ser respeitados. E os contratos que n\u00e3o s\u00e3o regidos pelo C\u00f3digo de Defesa do Consumidor, seguem sob \u00e0 luz do C\u00f3digo Civil e a boa f\u00e9 presumida.<\/p>\n<p>Aquele que causar dano a outro, mesmo que moral, deve indenizar. \u00c9 um dos princ\u00edpios basilares do direito.<\/p>\n<\/div><div class=\"fusion-clearfix\"><\/div>\n\n\t\t\t\t\t<\/div>\n\t\t\t\t<\/div><div  class=\"fusion-layout-column fusion_builder_column fusion_builder_column_1_3 fusion-builder-column-4 fusion-one-third fusion-column-last 1_3\"  style='margin-top:0px;margin-bottom:20px;width:30.6666%'>\n\t\t\t\t\t<div class=\"fusion-column-wrapper\" style=\"padding: 0px 0px 0px 0px;background-position:left top;background-repeat:no-repeat;-webkit-background-size:cover;-moz-background-size:cover;-o-background-size:cover;background-size:cover;\"   data-bg-url=\"\">\n\t\t\t\t\t\t<span class=\"fusion-imageframe imageframe-none imageframe-1 hover-type-zoomin fusion-animated\" data-animationType=\"fadeInDown\" data-animationDuration=\"1.0\" data-animationOffset=\"100%\"><a href=\"http:\/\/rafaelfernandes.adv.br\/wp-content\/uploads\/2019\/09\/direito-civil-e1568975751434.jpg\" class=\"fusion-lightbox\" data-rel=\"iLightbox[2f4a10cf5e044573494]\" data-title=\"direito-civil\" title=\"direito-civil\"><img loading=\"lazy\" src=\"http:\/\/rafaelfernandes.adv.br\/wp-content\/uploads\/2019\/09\/direito-civil-e1568975751434.jpg\" width=\"1131\" height=\"1199\" alt=\"\" class=\"img-responsive wp-image-783\" srcset=\"http:\/\/rafaelfernandes.adv.br\/wp-content\/uploads\/2019\/09\/direito-civil-e1568975751434-200x212.jpg 200w, http:\/\/rafaelfernandes.adv.br\/wp-content\/uploads\/2019\/09\/direito-civil-e1568975751434-400x424.jpg 400w, http:\/\/rafaelfernandes.adv.br\/wp-content\/uploads\/2019\/09\/direito-civil-e1568975751434-600x636.jpg 600w, http:\/\/rafaelfernandes.adv.br\/wp-content\/uploads\/2019\/09\/direito-civil-e1568975751434-800x848.jpg 800w, http:\/\/rafaelfernandes.adv.br\/wp-content\/uploads\/2019\/09\/direito-civil-e1568975751434.jpg 1131w\" sizes=\"(max-width: 800px) 100vw, 1131px\" \/><\/a><\/span><div class=\"fusion-clearfix\"><\/div>\n\n\t\t\t\t\t<\/div>\n\t\t\t\t<\/div><\/div><\/div><div class=\"fusion-fullwidth fullwidth-box fusion-parallax-none nonhundred-percent-fullwidth non-hundred-percent-height-scrolling\"  style='background-color: rgba(255,255,255,0);background-image: url(\"http:\/\/rafaelfernandes.adv.br\/wp-content\/uploads\/2019\/09\/direito-civil-2.jpg\");background-position: center center;background-repeat: no-repeat;padding-top:110px;padding-right:0px;padding-bottom:50px;padding-left:0px;border-top-width:0px;border-bottom-width:0px;border-color:#eae9e9;border-top-style:solid;border-bottom-style:solid;-webkit-background-size:cover;-moz-background-size:cover;-o-background-size:cover;background-size:cover;'><div class=\"fusion-builder-row fusion-row \"><div  class=\"fusion-layout-column fusion_builder_column fusion_builder_column_1_3 fusion-builder-column-5 fusion-one-third fusion-column-first 1_3\"  style='margin-top:0px;margin-bottom:0px;width:30.6666%; margin-right: 4%;'>\n\t\t\t\t\t<div class=\"fusion-column-wrapper\" style=\"border-right:3px solid #ffffff;padding: 0px 0px 0px 0px;background-position:right center;background-repeat:no-repeat;-webkit-background-size:cover;-moz-background-size:cover;-o-background-size:cover;background-size:cover;\"   data-bg-url=\"\">\n\t\t\t\t\t\t<div class=\"fusion-text\"><h2><span style=\"color: #ffffff;\">A LEGISLA\u00c7\u00c3O CIVIL<\/span><\/h2>\n<\/div><div class=\"fusion-clearfix\"><\/div>\n\n\t\t\t\t\t<\/div>\n\t\t\t\t<\/div><div  class=\"fusion-layout-column fusion_builder_column fusion_builder_column_2_3 fusion-builder-column-6 fusion-two-third fusion-column-last 2_3\"  style='margin-top:0px;margin-bottom:100px;width:65.3333%'>\n\t\t\t\t\t<div class=\"fusion-column-wrapper\" style=\"padding: 0px 0px 0px 0px;background-position:left top;background-repeat:no-repeat;-webkit-background-size:cover;-moz-background-size:cover;-o-background-size:cover;background-size:cover;\"   data-bg-url=\"\">\n\t\t\t\t\t\t<div class=\"fusion-text\"><h3><span style=\"color: #ffffff;\"><em>Se a m\u00e1xima &#8220;ningu\u00e9m deve se escusar de conhecer a lei&#8221; \u00e9 um dos alicerces do direito civil, deve todo o cidad\u00e3o ter ao seu lado um profissional do direito para lhe orientar e garantir que se fa\u00e7a cumprir a lei.<\/em><\/span><\/h3>\n<\/div><div class=\"fusion-clearfix\"><\/div>\n\n\t\t\t\t\t<\/div>\n\t\t\t\t<\/div><\/div><\/div><\/p>\n","protected":false},"excerpt":{"rendered":"","protected":false},"author":1,"featured_media":0,"parent":0,"menu_order":0,"comment_status":"closed","ping_status":"open","template":"100-width.php","meta":[],"_links":{"self":[{"href":"http:\/\/rafaelfernandes.adv.br\/index.php\/wp-json\/wp\/v2\/pages\/855"}],"collection":[{"href":"http:\/\/rafaelfernandes.adv.br\/index.php\/wp-json\/wp\/v2\/pages"}],"about":[{"href":"http:\/\/rafaelfernandes.adv.br\/index.php\/wp-json\/wp\/v2\/types\/page"}],"author":[{"embeddable":true,"href":"http:\/\/rafaelfernandes.adv.br\/index.php\/wp-json\/wp\/v2\/users\/1"}],"replies":[{"embeddable":true,"href":"http:\/\/rafaelfernandes.adv.br\/index.php\/wp-json\/wp\/v2\/comments?post=855"}],"version-history":[{"count":2,"href":"http:\/\/rafaelfernandes.adv.br\/index.php\/wp-json\/wp\/v2\/pages\/855\/revisions"}],"predecessor-version":[{"id":859,"href":"http:\/\/rafaelfernandes.adv.br\/index.php\/wp-json\/wp\/v2\/pages\/855\/revisions\/859"}],"wp:attachment":[{"href":"http:\/\/rafaelfernandes.adv.br\/index.php\/wp-json\/wp\/v2\/media?parent=855"}],"curies":[{"name":"wp","href":"https:\/\/api.w.org\/{rel}","templated":true}]}}