{"id":9,"date":"2015-02-10T19:21:19","date_gmt":"2015-02-10T19:21:19","guid":{"rendered":"http:\/\/avada.theme-fusion.com_demos\/architecture\/?page_id=9"},"modified":"2019-09-20T07:05:10","modified_gmt":"2019-09-20T10:05:10","slug":"o-escritorio","status":"publish","type":"page","link":"http:\/\/rafaelfernandes.adv.br\/index.php\/o-escritorio\/","title":{"rendered":"O Escrit\u00f3rio"},"content":{"rendered":"<p><div class=\"fusion-fullwidth fullwidth-box nonhundred-percent-fullwidth non-hundred-percent-height-scrolling\"  style='background-color: rgba(255,255,255,0);background-position: left top;background-repeat: no-repeat;padding-top:150px;padding-right:0px;padding-bottom:150px;padding-left:0px;border-top-width:0px;border-bottom-width:0px;border-color:#eae9e9;border-top-style:solid;border-bottom-style:solid;'><div class=\"fusion-builder-row fusion-row \"><div  class=\"fusion-layout-column fusion_builder_column fusion_builder_column_1_2 fusion-builder-column-1 fusion-one-half fusion-column-first 1_2\"  style='margin-top:0px;margin-bottom:20px;width:48%; margin-right: 4%;'>\n\t\t\t\t\t<div class=\"fusion-column-wrapper\" style=\"padding: 0px 0px 0px 0px;background-position:left top;background-repeat:no-repeat;-webkit-background-size:cover;-moz-background-size:cover;-o-background-size:cover;background-size:cover;\"   data-bg-url=\"\">\n\t\t\t\t\t\t<div class=\"fusion-text\"><h2>SOBRE O ESCRIT\u00d3RIO<\/h2>\n<\/div><div class=\"fusion-sep-clear\"><\/div><div class=\"fusion-separator sep-single sep-solid\" style=\"border-color:#e2e3e8;border-top-width:3px;margin-top:0px;margin-bottom:35px;width:100%;max-width:170px;\"><\/div><div class=\"fusion-text\"><h3><em>O Escrit\u00f3rio Rafael Fernandes, Advocacia &amp; Consultoria teve in\u00edcio em idos de 2008 na Av. S\u00e3o Pedro, bairro S\u00e3o Geraldo, em Porto Alegre, RS, pr\u00f3ximo ao Foro Regional do 4.\u00ba Distrito. Com o aumento das demandas judiciais, buscou-se a necessidade de se aproximar mais do &#8220;centro jur\u00eddico&#8221; de Porto alegre, sendo ent\u00e3o transferido o escrit\u00f3rio para a atual sede, na Rua Washington Luiz, 728, sala 303, no Centro Hist\u00f3rico da Capital Ga\u00facha. A mudan\u00e7a ocorreu em fevereiro de \u00a02012 e desde ent\u00e3o a facilidade em estar praticamente ao lado do Tribunal de Justi\u00e7a do RS, Justi\u00e7a Federal, TRF4, Justi\u00e7a Estadual e Justi\u00e7a do Trabalho, tem facilitado o acompanhamento e celeridade processual das demandas dos clientes do escrit\u00f3rio.<\/em><\/h3>\n<\/div><div class=\"fusion-clearfix\"><\/div>\n\n\t\t\t\t\t<\/div>\n\t\t\t\t<\/div><div  class=\"fusion-layout-column fusion_builder_column fusion_builder_column_1_2 fusion-builder-column-2 fusion-one-half fusion-column-last 1_2\"  style='margin-top:0px;margin-bottom:20px;width:48%'>\n\t\t\t\t\t<div class=\"fusion-column-wrapper\" style=\"padding: 0px 0px 0px 0px;background-position:left top;background-repeat:no-repeat;-webkit-background-size:cover;-moz-background-size:cover;-o-background-size:cover;background-size:cover;\"   data-bg-url=\"\">\n\t\t\t\t\t\t<div class=\"fusion-text\"><p><img loading=\"lazy\" class=\"alignnone wp-image-770 size-full\" src=\"http:\/\/rafaelfernandes.adv.br\/wp-content\/uploads\/2019\/09\/map-2.jpg\" alt=\"\" width=\"700\" height=\"477\" srcset=\"http:\/\/rafaelfernandes.adv.br\/wp-content\/uploads\/2019\/09\/map-2-200x136.jpg 200w, http:\/\/rafaelfernandes.adv.br\/wp-content\/uploads\/2019\/09\/map-2-300x204.jpg 300w, http:\/\/rafaelfernandes.adv.br\/wp-content\/uploads\/2019\/09\/map-2-400x273.jpg 400w, http:\/\/rafaelfernandes.adv.br\/wp-content\/uploads\/2019\/09\/map-2-600x409.jpg 600w, http:\/\/rafaelfernandes.adv.br\/wp-content\/uploads\/2019\/09\/map-2.jpg 700w\" sizes=\"(max-width: 700px) 100vw, 700px\" \/><\/p>\n<p>Localizado no Centro Hist\u00f3rico de Porto alegre, o Escrit\u00f3rio Rafael Fernandes, Advocacia e Consultoria tem f\u00e1cil acesso por transporte p\u00fablico ou mesmo por carro, com estacionamento ao lado.<\/p>\n<\/div><div class=\"fusion-clearfix\"><\/div>\n\n\t\t\t\t\t<\/div>\n\t\t\t\t<\/div><\/div><\/div><div class=\"fusion-fullwidth fullwidth-box nonhundred-percent-fullwidth non-hundred-percent-height-scrolling\"  style='background-color: rgba(255,255,255,0);background-position: left top;background-repeat: no-repeat;padding-top:150px;padding-right:0px;padding-bottom:30px;padding-left:0px;border-top-width:0px;border-bottom-width:0px;border-color:#eae9e9;border-top-style:solid;border-bottom-style:solid;'><div class=\"fusion-builder-row fusion-row \"><div  class=\"fusion-layout-column fusion_builder_column fusion_builder_column_1_3 fusion-builder-column-3 fusion-one-third fusion-column-first 1_3\"  style='margin-top:0px;margin-bottom:0px;width:30.6666%; margin-right: 4%;'>\n\t\t\t\t\t<div class=\"fusion-column-wrapper\" style=\"border-right:3px solid #e0dede;padding: 0px 0px 0px 0px;background-position:right center;background-repeat:no-repeat;-webkit-background-size:cover;-moz-background-size:cover;-o-background-size:cover;background-size:cover;\"   data-bg-url=\"\">\n\t\t\t\t\t\t<div class=\"fusion-text\"><h2>COMO ATUAMOS<\/h2>\n<\/div><div class=\"fusion-clearfix\"><\/div>\n\n\t\t\t\t\t<\/div>\n\t\t\t\t<\/div><div  class=\"fusion-layout-column fusion_builder_column fusion_builder_column_2_3 fusion-builder-column-4 fusion-two-third fusion-column-last 2_3\"  style='margin-top:0px;margin-bottom:100px;width:65.3333%'>\n\t\t\t\t\t<div class=\"fusion-column-wrapper\" style=\"padding: 0px 0px 0px 0px;background-position:left top;background-repeat:no-repeat;-webkit-background-size:cover;-moz-background-size:cover;-o-background-size:cover;background-size:cover;\"   data-bg-url=\"\">\n\t\t\t\t\t\t<div class=\"fusion-text\"><h3><em>Atuamos sempre buscando atender todos os interesses dos clientes. Suas necessidades.\u00a0 Dar sempre\u00a0 resposta ao cliente dentro do razo\u00e1vel e aceit\u00e1vel para cumprimento das demandas judiciais<\/em><\/h3>\n<\/div><div class=\"fusion-clearfix\"><\/div>\n\n\t\t\t\t\t<\/div>\n\t\t\t\t<\/div><\/div><\/div><\/p>\n","protected":false},"excerpt":{"rendered":"","protected":false},"author":1,"featured_media":0,"parent":0,"menu_order":0,"comment_status":"closed","ping_status":"open","template":"100-width.php","meta":[],"_links":{"self":[{"href":"http:\/\/rafaelfernandes.adv.br\/index.php\/wp-json\/wp\/v2\/pages\/9"}],"collection":[{"href":"http:\/\/rafaelfernandes.adv.br\/index.php\/wp-json\/wp\/v2\/pages"}],"about":[{"href":"http:\/\/rafaelfernandes.adv.br\/index.php\/wp-json\/wp\/v2\/types\/page"}],"author":[{"embeddable":true,"href":"http:\/\/rafaelfernandes.adv.br\/index.php\/wp-json\/wp\/v2\/users\/1"}],"replies":[{"embeddable":true,"href":"http:\/\/rafaelfernandes.adv.br\/index.php\/wp-json\/wp\/v2\/comments?post=9"}],"version-history":[{"count":19,"href":"http:\/\/rafaelfernandes.adv.br\/index.php\/wp-json\/wp\/v2\/pages\/9\/revisions"}],"predecessor-version":[{"id":732,"href":"http:\/\/rafaelfernandes.adv.br\/index.php\/wp-json\/wp\/v2\/pages\/9\/revisions\/732"}],"wp:attachment":[{"href":"http:\/\/rafaelfernandes.adv.br\/index.php\/wp-json\/wp\/v2\/media?parent=9"}],"curies":[{"name":"wp","href":"https:\/\/api.w.org\/{rel}","templated":true}]}}